{"id":4400,"date":"2021-10-12T15:51:09","date_gmt":"2021-10-12T15:51:09","guid":{"rendered":"http:\/\/dummy.xtemos.com\/woodmart2\/elementor\/?page_id=4400"},"modified":"2025-10-21T11:53:26","modified_gmt":"2025-10-21T08:53:26","slug":"hakkimizda","status":"publish","type":"page","link":"https:\/\/www.mnmglobal.com.tr\/en\/hakkimizda","title":{"rendered":"About"},"content":{"rendered":"<div data-elementor-type=\"wp-page\" data-elementor-id=\"4400\" class=\"elementor elementor-4400\" data-elementor-post-type=\"page\">\n\t\t\t\t<div class=\"elementor-element elementor-element-720b528 e-con-full wd-section-stretch e-flex e-con e-parent\" data-id=\"720b528\" data-element_type=\"container\">\n\t\t\t\t<div class=\"elementor-element elementor-element-8e6cad5 elementor-widget elementor-widget-video\" data-id=\"8e6cad5\" data-element_type=\"widget\" data-settings=\"{&quot;youtube_url&quot;:&quot;www.youtube.com\\\/embed\\\/4T_Ab_KBSCY?playlist=4T_Ab_KBSCY&amp;iv_load_policy=3&amp;enablejsapi=1&amp;disablekb=1&amp;autoplay=1&amp;controls=0&amp;showinfo=0&amp;rel=0&amp;loop=1&amp;wmode=transparent&amp;widgetid=1&amp;mute=1&quot;,&quot;autoplay&quot;:&quot;yes&quot;,&quot;play_on_mobile&quot;:&quot;yes&quot;,&quot;lazy_load&quot;:&quot;yes&quot;,&quot;mute&quot;:&quot;yes&quot;,&quot;video_type&quot;:&quot;youtube&quot;}\" data-widget_type=\"video.default\">\n\t\t\t\t<div class=\"elementor-widget-container\">\n\t\t\t\t\t\t\t<div class=\"elementor-wrapper elementor-open-inline\">\n\t\t\t<div class=\"elementor-video\"><\/div>\t\t<\/div>\n\t\t\t\t\t\t<\/div>\n\t\t\t\t<\/div>\n\t\t\t\t<\/div>\n\t\t<div class=\"wd-negative-gap elementor-element elementor-element-7c7c544 e-flex e-con-boxed e-con e-parent\" data-id=\"7c7c544\" data-element_type=\"container\">\n\t\t\t\t\t<div class=\"e-con-inner\">\n\t\t<div class=\"elementor-element elementor-element-97d6084 e-con-full e-flex e-con e-child\" data-id=\"97d6084\" data-element_type=\"container\">\n\t\t\t\t<div class=\"elementor-element elementor-element-98d830b wd-width-100 elementor-widget elementor-widget-wd_title\" data-id=\"98d830b\" data-element_type=\"widget\" data-widget_type=\"wd_title.default\">\n\t\t\t\t<div class=\"elementor-widget-container\">\n\t\t\t\t\t\t\t<div class=\"title-wrapper wd-set-mb reset-last-child wd-title-color-primary wd-title-style-default wd-title-size-large text-left\">\n\n\t\t\t\t\t\t\t\t\t\t\t<div class=\"title-subtitle subtitle-color-primary subtitle-style-default wd-fontsize-xs\">\n\t\t\t\t\tAbout\t\t\t\t<\/div>\n\t\t\t\n\t\t\t<div class=\"liner-continer\">\n\t\t\t\t<h4 class=\"woodmart-title-container title wd-fontsize-xxl\">MNM Global<\/h4> \n\t\t\t\t\t\t\t<\/div>\n\n\t\t\t\t\t\t\t<div class=\"title-after_title reset-last-child wd-fontsize-s\">\n\t\t\t\t\t<p>Wooden Pallet Manufacturer<\/p>\u00a0\t\t\t\t<\/div>\n\t\t\t\t\t<\/div>\n\t\t\t\t\t\t<\/div>\n\t\t\t\t<\/div>\n\t\t\t\t<div class=\"elementor-element elementor-element-66e47ad elementor-widget elementor-widget-wd_text_block\" data-id=\"66e47ad\" data-element_type=\"widget\" data-widget_type=\"wd_text_block.default\">\n\t\t\t\t<div class=\"elementor-widget-container\">\n\t\t\t\t\t\t\t<div class=\"wd-text-block reset-last-child text-left\">\n\t\t\t\n\t\t\t<p>We are the heirs of a family legacy that began in 1940 with the production of wooden crates and boxes in T\u00fcrkiye. For three generations, we have grown this journey with a commitment to quality, trust, and sustainability in the wooden packaging industry. Our family business pioneered licensed EUR pallets in T\u00fcrkiye and led the way with RFID Smart Pallet technologies.<\/p><p>Continuing this deep-rooted heritage, MNM Global was established in Poland under the umbrella of Son\u00e7a\u011f Group. Our new company combines the strength of tradition with innovation, offering high-quality wooden pallets, crates, and pellet products to international markets.<\/p><p>We provide not just products, but solutions. Our structure focuses on delivering traceable, eco-friendly, and durable packaging systems tailored to our customers\u2019 unique needs.<\/p><p>With respect for our heritage and a clear vision for the future, we are redefining what wooden packaging can be \u2014 merging the natural strength of wood with the possibilities of smart technology.<\/p>\n\t\t\t\t\t<\/div>\n\t\t\t\t\t\t<\/div>\n\t\t\t\t<\/div>\n\t\t\t\t<\/div>\n\t\t\t\t\t<\/div>\n\t\t\t\t<\/div>\n\t\t\t\t<\/div>","protected":false},"excerpt":{"rendered":"<p>https:\/\/youtube.com\/watch?v=4T_Ab_KBSCY%3Fplaylist%3D4T_Ab_KBSCY%26%23038%3Biv_load_policy%3D3%26%23038%3Benablejsapi%3D1%26%23038%3Bdisablekb%3D1%26%23038%3Bautoplay%3D1%26%23038%3Bcontrols%3D0%26%23038%3Bshowinfo%3D0%26%23038%3Brel%3D0%26%23038%3Bloop%3D1%26%23038%3Bwmode%3Dtransparent%26%23038%3Bwidgetid%3D1%26%23038%3Bmute%3D1 Hakk\u0131m\u0131zda MNM Global Ah\u015fap Palet \u00dcreticisi \u00a0 1940 y\u0131l\u0131nda T\u00fcrkiye&#8217;de ah\u015fap kasa ve kutu \u00fcretimiyle ba\u015flayan bir aile miras\u0131n\u0131n<\/p>","protected":false},"author":1,"featured_media":0,"parent":0,"menu_order":0,"comment_status":"closed","ping_status":"closed","template":"","meta":{"footnotes":""},"class_list":["post-4400","page","type-page","status-publish","hentry"],"_links":{"self":[{"href":"https:\/\/www.mnmglobal.com.tr\/en\/wp-json\/wp\/v2\/pages\/4400","targetHints":{"allow":["GET"]}}],"collection":[{"href":"https:\/\/www.mnmglobal.com.tr\/en\/wp-json\/wp\/v2\/pages"}],"about":[{"href":"https:\/\/www.mnmglobal.com.tr\/en\/wp-json\/wp\/v2\/types\/page"}],"author":[{"embeddable":true,"href":"https:\/\/www.mnmglobal.com.tr\/en\/wp-json\/wp\/v2\/users\/1"}],"replies":[{"embeddable":true,"href":"https:\/\/www.mnmglobal.com.tr\/en\/wp-json\/wp\/v2\/comments?post=4400"}],"version-history":[{"count":26,"href":"https:\/\/www.mnmglobal.com.tr\/en\/wp-json\/wp\/v2\/pages\/4400\/revisions"}],"predecessor-version":[{"id":16252,"href":"https:\/\/www.mnmglobal.com.tr\/en\/wp-json\/wp\/v2\/pages\/4400\/revisions\/16252"}],"wp:attachment":[{"href":"https:\/\/www.mnmglobal.com.tr\/en\/wp-json\/wp\/v2\/media?parent=4400"}],"curies":[{"name":"wp","href":"https:\/\/api.w.org\/{rel}","templated":true}]}}